{"id":1308,"date":"2025-09-16T11:52:36","date_gmt":"2025-09-16T08:52:36","guid":{"rendered":"https:\/\/www.globalcolors.com\/pl\/home\/"},"modified":"2026-03-24T15:46:15","modified_gmt":"2026-03-24T13:46:15","slug":"strona-glowna","status":"publish","type":"page","link":"https:\/\/www.globalcolors.com\/pl\/","title":{"rendered":"Strona g\u0142\u00f3wna"},"content":{"rendered":"<p>M: +30 694 587 6827<\/p>\n","protected":false},"excerpt":{"rendered":"<p>M: +30 694 587 6827<\/p>\n","protected":false},"author":1,"featured_media":0,"parent":0,"menu_order":-100,"comment_status":"closed","ping_status":"closed","template":"template-home.php","meta":{"_acf_changed":false},"class_list":["post-1308","page","type-page","status-publish","hentry"],"acf":[],"yoast_head":"<!-- This site is optimized with the Yoast SEO plugin v27.4 - https:\/\/yoast.com\/product\/yoast-seo-wordpress\/ -->\n<title>Koncentraty Global Colors<\/title>\n<meta name=\"description\" content=\"Global Colors to wiod\u0105cy producent koncentrat\u00f3w barwi\u0105cych i dodatk\u00f3w (masterbatch), posiadaj\u0105cy 8 nowoczesnych zak\u0142ad\u00f3w produkcyjnych na ca\u0142ym \u015bwiecie.\" \/>\n<meta name=\"robots\" content=\"index, follow, max-snippet:-1, max-image-preview:large, max-video-preview:-1\" \/>\n<link rel=\"canonical\" href=\"https:\/\/www.globalcolors.com\/pl\/\" \/>\n<meta property=\"og:locale\" content=\"pl_PL\" \/>\n<meta property=\"og:type\" content=\"article\" \/>\n<meta property=\"og:title\" content=\"Koncentraty Global Colors\" \/>\n<meta property=\"og:description\" content=\"Global Colors to wiod\u0105cy producent koncentrat\u00f3w barwi\u0105cych i dodatk\u00f3w (masterbatch), posiadaj\u0105cy 8 nowoczesnych zak\u0142ad\u00f3w produkcyjnych na ca\u0142ym \u015bwiecie.\" \/>\n<meta property=\"og:url\" content=\"https:\/\/www.globalcolors.com\/pl\/\" \/>\n<meta property=\"og:site_name\" content=\"Global Colors Poland\" \/>\n<meta property=\"article:publisher\" content=\"https:\/\/www.facebook.com\/globalcolors\/\" \/>\n<meta property=\"article:modified_time\" content=\"2026-03-24T13:46:15+00:00\" \/>\n<meta property=\"og:image\" content=\"https:\/\/www.globalcolors.com\/pl\/wp-content\/uploads\/sites\/6\/2025\/10\/Logo_1200x675-02.jpg\" \/>\n\t<meta property=\"og:image:width\" content=\"1201\" \/>\n\t<meta property=\"og:image:height\" content=\"676\" \/>\n\t<meta property=\"og:image:type\" content=\"image\/jpeg\" \/>\n<meta name=\"twitter:card\" content=\"summary_large_image\" \/>\n<meta name=\"twitter:label1\" content=\"Szacowany czas czytania\" \/>\n\t<meta name=\"twitter:data1\" content=\"1 minuta\" \/>\n<script type=\"application\/ld+json\" class=\"yoast-schema-graph\">{\"@context\":\"https:\\\/\\\/schema.org\",\"@graph\":[{\"@type\":\"WebPage\",\"@id\":\"https:\\\/\\\/www.globalcolors.com\\\/pl\\\/\",\"url\":\"https:\\\/\\\/www.globalcolors.com\\\/pl\\\/\",\"name\":\"Koncentraty Global Colors\",\"isPartOf\":{\"@id\":\"https:\\\/\\\/www.globalcolors.com\\\/pl\\\/#website\"},\"datePublished\":\"2025-09-16T08:52:36+00:00\",\"dateModified\":\"2026-03-24T13:46:15+00:00\",\"description\":\"Global Colors to wiod\u0105cy producent koncentrat\u00f3w barwi\u0105cych i dodatk\u00f3w (masterbatch), posiadaj\u0105cy 8 nowoczesnych zak\u0142ad\u00f3w produkcyjnych na ca\u0142ym \u015bwiecie.\",\"breadcrumb\":{\"@id\":\"https:\\\/\\\/www.globalcolors.com\\\/pl\\\/#breadcrumb\"},\"inLanguage\":\"pl-PL\",\"potentialAction\":[{\"@type\":\"ReadAction\",\"target\":[\"https:\\\/\\\/www.globalcolors.com\\\/pl\\\/\"]}]},{\"@type\":\"BreadcrumbList\",\"@id\":\"https:\\\/\\\/www.globalcolors.com\\\/pl\\\/#breadcrumb\",\"itemListElement\":[{\"@type\":\"ListItem\",\"position\":1,\"name\":\"Home\",\"item\":\"https:\\\/\\\/www.globalcolors.com\\\/pl\\\/\"},{\"@type\":\"ListItem\",\"position\":2,\"name\":\"Strona g\u0142\u00f3wna\"}]},{\"@type\":\"WebSite\",\"@id\":\"https:\\\/\\\/www.globalcolors.com\\\/pl\\\/#website\",\"url\":\"https:\\\/\\\/www.globalcolors.com\\\/pl\\\/\",\"name\":\"Global Colors\",\"description\":\"Global Colors\",\"publisher\":{\"@id\":\"https:\\\/\\\/www.globalcolors.com\\\/pl\\\/#organization\"},\"alternateName\":\"Global Colors\",\"potentialAction\":[{\"@type\":\"SearchAction\",\"target\":{\"@type\":\"EntryPoint\",\"urlTemplate\":\"https:\\\/\\\/www.globalcolors.com\\\/pl\\\/?s={search_term_string}\"},\"query-input\":{\"@type\":\"PropertyValueSpecification\",\"valueRequired\":true,\"valueName\":\"search_term_string\"}}],\"inLanguage\":\"pl-PL\"},{\"@type\":\"Organization\",\"@id\":\"https:\\\/\\\/www.globalcolors.com\\\/pl\\\/#organization\",\"name\":\"Global Colors\",\"alternateName\":\"Global Colors Masterbatches\",\"url\":\"https:\\\/\\\/www.globalcolors.com\\\/pl\\\/\",\"logo\":{\"@type\":\"ImageObject\",\"inLanguage\":\"pl-PL\",\"@id\":\"https:\\\/\\\/www.globalcolors.com\\\/pl\\\/#\\\/schema\\\/logo\\\/image\\\/\",\"url\":\"https:\\\/\\\/www.globalcolors.com\\\/pl\\\/wp-content\\\/uploads\\\/sites\\\/6\\\/2025\\\/10\\\/Logo_1200x675-01.jpg\",\"contentUrl\":\"https:\\\/\\\/www.globalcolors.com\\\/pl\\\/wp-content\\\/uploads\\\/sites\\\/6\\\/2025\\\/10\\\/Logo_1200x675-01.jpg\",\"width\":1200,\"height\":676,\"caption\":\"Global Colors\"},\"image\":{\"@id\":\"https:\\\/\\\/www.globalcolors.com\\\/pl\\\/#\\\/schema\\\/logo\\\/image\\\/\"},\"sameAs\":[\"https:\\\/\\\/www.facebook.com\\\/globalcolors\\\/\",\"https:\\\/\\\/www.instagram.com\\\/globalcolorsmasterbatches\\\/\",\"https:\\\/\\\/www.linkedin.com\\\/company\\\/global-colors\",\"https:\\\/\\\/www.youtube.com\\\/@globalcolorsmasterbatches\"]}]}<\/script>\n<!-- \/ Yoast SEO plugin. -->","yoast_head_json":{"title":"Koncentraty Global Colors","description":"Global Colors to wiod\u0105cy producent koncentrat\u00f3w barwi\u0105cych i dodatk\u00f3w (masterbatch), posiadaj\u0105cy 8 nowoczesnych zak\u0142ad\u00f3w produkcyjnych na ca\u0142ym \u015bwiecie.","robots":{"index":"index","follow":"follow","max-snippet":"max-snippet:-1","max-image-preview":"max-image-preview:large","max-video-preview":"max-video-preview:-1"},"canonical":"https:\/\/www.globalcolors.com\/pl\/","og_locale":"pl_PL","og_type":"article","og_title":"Koncentraty Global Colors","og_description":"Global Colors to wiod\u0105cy producent koncentrat\u00f3w barwi\u0105cych i dodatk\u00f3w (masterbatch), posiadaj\u0105cy 8 nowoczesnych zak\u0142ad\u00f3w produkcyjnych na ca\u0142ym \u015bwiecie.","og_url":"https:\/\/www.globalcolors.com\/pl\/","og_site_name":"Global Colors Poland","article_publisher":"https:\/\/www.facebook.com\/globalcolors\/","article_modified_time":"2026-03-24T13:46:15+00:00","og_image":[{"width":1201,"height":676,"url":"https:\/\/www.globalcolors.com\/pl\/wp-content\/uploads\/sites\/6\/2025\/10\/Logo_1200x675-02.jpg","type":"image\/jpeg"}],"twitter_card":"summary_large_image","twitter_misc":{"Szacowany czas czytania":"1 minuta"},"schema":{"@context":"https:\/\/schema.org","@graph":[{"@type":"WebPage","@id":"https:\/\/www.globalcolors.com\/pl\/","url":"https:\/\/www.globalcolors.com\/pl\/","name":"Koncentraty Global Colors","isPartOf":{"@id":"https:\/\/www.globalcolors.com\/pl\/#website"},"datePublished":"2025-09-16T08:52:36+00:00","dateModified":"2026-03-24T13:46:15+00:00","description":"Global Colors to wiod\u0105cy producent koncentrat\u00f3w barwi\u0105cych i dodatk\u00f3w (masterbatch), posiadaj\u0105cy 8 nowoczesnych zak\u0142ad\u00f3w produkcyjnych na ca\u0142ym \u015bwiecie.","breadcrumb":{"@id":"https:\/\/www.globalcolors.com\/pl\/#breadcrumb"},"inLanguage":"pl-PL","potentialAction":[{"@type":"ReadAction","target":["https:\/\/www.globalcolors.com\/pl\/"]}]},{"@type":"BreadcrumbList","@id":"https:\/\/www.globalcolors.com\/pl\/#breadcrumb","itemListElement":[{"@type":"ListItem","position":1,"name":"Home","item":"https:\/\/www.globalcolors.com\/pl\/"},{"@type":"ListItem","position":2,"name":"Strona g\u0142\u00f3wna"}]},{"@type":"WebSite","@id":"https:\/\/www.globalcolors.com\/pl\/#website","url":"https:\/\/www.globalcolors.com\/pl\/","name":"Global Colors","description":"Global Colors","publisher":{"@id":"https:\/\/www.globalcolors.com\/pl\/#organization"},"alternateName":"Global Colors","potentialAction":[{"@type":"SearchAction","target":{"@type":"EntryPoint","urlTemplate":"https:\/\/www.globalcolors.com\/pl\/?s={search_term_string}"},"query-input":{"@type":"PropertyValueSpecification","valueRequired":true,"valueName":"search_term_string"}}],"inLanguage":"pl-PL"},{"@type":"Organization","@id":"https:\/\/www.globalcolors.com\/pl\/#organization","name":"Global Colors","alternateName":"Global Colors Masterbatches","url":"https:\/\/www.globalcolors.com\/pl\/","logo":{"@type":"ImageObject","inLanguage":"pl-PL","@id":"https:\/\/www.globalcolors.com\/pl\/#\/schema\/logo\/image\/","url":"https:\/\/www.globalcolors.com\/pl\/wp-content\/uploads\/sites\/6\/2025\/10\/Logo_1200x675-01.jpg","contentUrl":"https:\/\/www.globalcolors.com\/pl\/wp-content\/uploads\/sites\/6\/2025\/10\/Logo_1200x675-01.jpg","width":1200,"height":676,"caption":"Global Colors"},"image":{"@id":"https:\/\/www.globalcolors.com\/pl\/#\/schema\/logo\/image\/"},"sameAs":["https:\/\/www.facebook.com\/globalcolors\/","https:\/\/www.instagram.com\/globalcolorsmasterbatches\/","https:\/\/www.linkedin.com\/company\/global-colors","https:\/\/www.youtube.com\/@globalcolorsmasterbatches"]}]}},"_links":{"self":[{"href":"https:\/\/www.globalcolors.com\/pl\/wp-json\/wp\/v2\/pages\/1308","targetHints":{"allow":["GET"]}}],"collection":[{"href":"https:\/\/www.globalcolors.com\/pl\/wp-json\/wp\/v2\/pages"}],"about":[{"href":"https:\/\/www.globalcolors.com\/pl\/wp-json\/wp\/v2\/types\/page"}],"author":[{"embeddable":true,"href":"https:\/\/www.globalcolors.com\/pl\/wp-json\/wp\/v2\/users\/1"}],"replies":[{"embeddable":true,"href":"https:\/\/www.globalcolors.com\/pl\/wp-json\/wp\/v2\/comments?post=1308"}],"version-history":[{"count":0,"href":"https:\/\/www.globalcolors.com\/pl\/wp-json\/wp\/v2\/pages\/1308\/revisions"}],"wp:attachment":[{"href":"https:\/\/www.globalcolors.com\/pl\/wp-json\/wp\/v2\/media?parent=1308"}],"curies":[{"name":"wp","href":"https:\/\/api.w.org\/{rel}","templated":true}]}}