{"id":1310,"date":"2025-09-16T11:57:01","date_gmt":"2025-09-16T08:57:01","guid":{"rendered":"https:\/\/www.globalcolors.com\/pl\/our-products\/"},"modified":"2026-02-27T14:44:53","modified_gmt":"2026-02-27T12:44:53","slug":"produkty","status":"publish","type":"page","link":"https:\/\/www.globalcolors.com\/pl\/produkty\/","title":{"rendered":"Produkty"},"content":{"rendered":"","protected":false},"excerpt":{"rendered":"","protected":false},"author":1,"featured_media":0,"parent":0,"menu_order":10,"comment_status":"closed","ping_status":"closed","template":"template-all-products.php","meta":{"_acf_changed":false},"class_list":["post-1310","page","type-page","status-publish","hentry"],"acf":[],"yoast_head":"<!-- This site is optimized with the Yoast SEO plugin v27.4 - https:\/\/yoast.com\/product\/yoast-seo-wordpress\/ -->\n<title>Odkryj nasze produkty &#8211; Global Colors Poland<\/title>\n<meta name=\"description\" content=\"Odkryj pe\u0142n\u0105 gam\u0119 koncentrat\u00f3w i mieszanek Global Colors: rozwi\u0105zania kolorowe, bia\u0142e, czarne, dodatki oraz produkty biodegradowalne.\" \/>\n<meta name=\"robots\" content=\"index, follow, max-snippet:-1, max-image-preview:large, max-video-preview:-1\" \/>\n<link rel=\"canonical\" href=\"https:\/\/www.globalcolors.com\/pl\/pl\/produkty\/\" \/>\n<meta property=\"og:locale\" content=\"pl_PL\" \/>\n<meta property=\"og:type\" content=\"article\" \/>\n<meta property=\"og:title\" content=\"Odkryj nasze produkty &#8211; Global Colors Poland\" \/>\n<meta property=\"og:description\" content=\"Odkryj pe\u0142n\u0105 gam\u0119 koncentrat\u00f3w i mieszanek Global Colors: rozwi\u0105zania kolorowe, bia\u0142e, czarne, dodatki oraz produkty biodegradowalne.\" \/>\n<meta property=\"og:url\" content=\"https:\/\/www.globalcolors.com\/pl\/pl\/produkty\/\" \/>\n<meta property=\"og:site_name\" content=\"Global Colors Poland\" \/>\n<meta property=\"article:publisher\" content=\"https:\/\/www.facebook.com\/globalcolors\/\" \/>\n<meta property=\"article:modified_time\" content=\"2026-02-27T12:44:53+00:00\" \/>\n<meta property=\"og:image\" content=\"https:\/\/www.globalcolors.com\/pl\/wp-content\/uploads\/sites\/6\/2025\/10\/Logo_1200x675-02.jpg\" \/>\n\t<meta property=\"og:image:width\" content=\"1201\" \/>\n\t<meta property=\"og:image:height\" content=\"676\" \/>\n\t<meta property=\"og:image:type\" content=\"image\/jpeg\" \/>\n<meta name=\"twitter:card\" content=\"summary_large_image\" \/>\n<script type=\"application\/ld+json\" class=\"yoast-schema-graph\">{\"@context\":\"https:\\\/\\\/schema.org\",\"@graph\":[{\"@type\":\"WebPage\",\"@id\":\"https:\\\/\\\/www.globalcolors.com\\\/pl\\\/pl\\\/produkty\\\/\",\"url\":\"https:\\\/\\\/www.globalcolors.com\\\/pl\\\/pl\\\/produkty\\\/\",\"name\":\"Odkryj nasze produkty &#8211; Global Colors Poland\",\"isPartOf\":{\"@id\":\"https:\\\/\\\/www.globalcolors.com\\\/pl\\\/#website\"},\"datePublished\":\"2025-09-16T08:57:01+00:00\",\"dateModified\":\"2026-02-27T12:44:53+00:00\",\"description\":\"Odkryj pe\u0142n\u0105 gam\u0119 koncentrat\u00f3w i mieszanek Global Colors: rozwi\u0105zania kolorowe, bia\u0142e, czarne, dodatki oraz produkty biodegradowalne.\",\"breadcrumb\":{\"@id\":\"https:\\\/\\\/www.globalcolors.com\\\/pl\\\/pl\\\/produkty\\\/#breadcrumb\"},\"inLanguage\":\"pl-PL\",\"potentialAction\":[{\"@type\":\"ReadAction\",\"target\":[\"https:\\\/\\\/www.globalcolors.com\\\/pl\\\/pl\\\/produkty\\\/\"]}]},{\"@type\":\"BreadcrumbList\",\"@id\":\"https:\\\/\\\/www.globalcolors.com\\\/pl\\\/pl\\\/produkty\\\/#breadcrumb\",\"itemListElement\":[{\"@type\":\"ListItem\",\"position\":1,\"name\":\"Home\",\"item\":\"https:\\\/\\\/www.globalcolors.com\\\/pl\\\/\"},{\"@type\":\"ListItem\",\"position\":2,\"name\":\"Produkty\"}]},{\"@type\":\"WebSite\",\"@id\":\"https:\\\/\\\/www.globalcolors.com\\\/pl\\\/#website\",\"url\":\"https:\\\/\\\/www.globalcolors.com\\\/pl\\\/\",\"name\":\"Global Colors\",\"description\":\"Global Colors\",\"publisher\":{\"@id\":\"https:\\\/\\\/www.globalcolors.com\\\/pl\\\/#organization\"},\"alternateName\":\"Global Colors\",\"potentialAction\":[{\"@type\":\"SearchAction\",\"target\":{\"@type\":\"EntryPoint\",\"urlTemplate\":\"https:\\\/\\\/www.globalcolors.com\\\/pl\\\/?s={search_term_string}\"},\"query-input\":{\"@type\":\"PropertyValueSpecification\",\"valueRequired\":true,\"valueName\":\"search_term_string\"}}],\"inLanguage\":\"pl-PL\"},{\"@type\":\"Organization\",\"@id\":\"https:\\\/\\\/www.globalcolors.com\\\/pl\\\/#organization\",\"name\":\"Global Colors\",\"alternateName\":\"Global Colors Masterbatches\",\"url\":\"https:\\\/\\\/www.globalcolors.com\\\/pl\\\/\",\"logo\":{\"@type\":\"ImageObject\",\"inLanguage\":\"pl-PL\",\"@id\":\"https:\\\/\\\/www.globalcolors.com\\\/pl\\\/#\\\/schema\\\/logo\\\/image\\\/\",\"url\":\"https:\\\/\\\/www.globalcolors.com\\\/pl\\\/wp-content\\\/uploads\\\/sites\\\/6\\\/2025\\\/10\\\/Logo_1200x675-01.jpg\",\"contentUrl\":\"https:\\\/\\\/www.globalcolors.com\\\/pl\\\/wp-content\\\/uploads\\\/sites\\\/6\\\/2025\\\/10\\\/Logo_1200x675-01.jpg\",\"width\":1200,\"height\":676,\"caption\":\"Global Colors\"},\"image\":{\"@id\":\"https:\\\/\\\/www.globalcolors.com\\\/pl\\\/#\\\/schema\\\/logo\\\/image\\\/\"},\"sameAs\":[\"https:\\\/\\\/www.facebook.com\\\/globalcolors\\\/\",\"https:\\\/\\\/www.instagram.com\\\/globalcolorsmasterbatches\\\/\",\"https:\\\/\\\/www.linkedin.com\\\/company\\\/global-colors\",\"https:\\\/\\\/www.youtube.com\\\/@globalcolorsmasterbatches\"]}]}<\/script>\n<!-- \/ Yoast SEO plugin. -->","yoast_head_json":{"title":"Odkryj nasze produkty &#8211; Global Colors Poland","description":"Odkryj pe\u0142n\u0105 gam\u0119 koncentrat\u00f3w i mieszanek Global Colors: rozwi\u0105zania kolorowe, bia\u0142e, czarne, dodatki oraz produkty biodegradowalne.","robots":{"index":"index","follow":"follow","max-snippet":"max-snippet:-1","max-image-preview":"max-image-preview:large","max-video-preview":"max-video-preview:-1"},"canonical":"https:\/\/www.globalcolors.com\/pl\/pl\/produkty\/","og_locale":"pl_PL","og_type":"article","og_title":"Odkryj nasze produkty &#8211; Global Colors Poland","og_description":"Odkryj pe\u0142n\u0105 gam\u0119 koncentrat\u00f3w i mieszanek Global Colors: rozwi\u0105zania kolorowe, bia\u0142e, czarne, dodatki oraz produkty biodegradowalne.","og_url":"https:\/\/www.globalcolors.com\/pl\/pl\/produkty\/","og_site_name":"Global Colors Poland","article_publisher":"https:\/\/www.facebook.com\/globalcolors\/","article_modified_time":"2026-02-27T12:44:53+00:00","og_image":[{"width":1201,"height":676,"url":"https:\/\/www.globalcolors.com\/pl\/wp-content\/uploads\/sites\/6\/2025\/10\/Logo_1200x675-02.jpg","type":"image\/jpeg"}],"twitter_card":"summary_large_image","schema":{"@context":"https:\/\/schema.org","@graph":[{"@type":"WebPage","@id":"https:\/\/www.globalcolors.com\/pl\/pl\/produkty\/","url":"https:\/\/www.globalcolors.com\/pl\/pl\/produkty\/","name":"Odkryj nasze produkty &#8211; Global Colors Poland","isPartOf":{"@id":"https:\/\/www.globalcolors.com\/pl\/#website"},"datePublished":"2025-09-16T08:57:01+00:00","dateModified":"2026-02-27T12:44:53+00:00","description":"Odkryj pe\u0142n\u0105 gam\u0119 koncentrat\u00f3w i mieszanek Global Colors: rozwi\u0105zania kolorowe, bia\u0142e, czarne, dodatki oraz produkty biodegradowalne.","breadcrumb":{"@id":"https:\/\/www.globalcolors.com\/pl\/pl\/produkty\/#breadcrumb"},"inLanguage":"pl-PL","potentialAction":[{"@type":"ReadAction","target":["https:\/\/www.globalcolors.com\/pl\/pl\/produkty\/"]}]},{"@type":"BreadcrumbList","@id":"https:\/\/www.globalcolors.com\/pl\/pl\/produkty\/#breadcrumb","itemListElement":[{"@type":"ListItem","position":1,"name":"Home","item":"https:\/\/www.globalcolors.com\/pl\/"},{"@type":"ListItem","position":2,"name":"Produkty"}]},{"@type":"WebSite","@id":"https:\/\/www.globalcolors.com\/pl\/#website","url":"https:\/\/www.globalcolors.com\/pl\/","name":"Global Colors","description":"Global Colors","publisher":{"@id":"https:\/\/www.globalcolors.com\/pl\/#organization"},"alternateName":"Global Colors","potentialAction":[{"@type":"SearchAction","target":{"@type":"EntryPoint","urlTemplate":"https:\/\/www.globalcolors.com\/pl\/?s={search_term_string}"},"query-input":{"@type":"PropertyValueSpecification","valueRequired":true,"valueName":"search_term_string"}}],"inLanguage":"pl-PL"},{"@type":"Organization","@id":"https:\/\/www.globalcolors.com\/pl\/#organization","name":"Global Colors","alternateName":"Global Colors Masterbatches","url":"https:\/\/www.globalcolors.com\/pl\/","logo":{"@type":"ImageObject","inLanguage":"pl-PL","@id":"https:\/\/www.globalcolors.com\/pl\/#\/schema\/logo\/image\/","url":"https:\/\/www.globalcolors.com\/pl\/wp-content\/uploads\/sites\/6\/2025\/10\/Logo_1200x675-01.jpg","contentUrl":"https:\/\/www.globalcolors.com\/pl\/wp-content\/uploads\/sites\/6\/2025\/10\/Logo_1200x675-01.jpg","width":1200,"height":676,"caption":"Global Colors"},"image":{"@id":"https:\/\/www.globalcolors.com\/pl\/#\/schema\/logo\/image\/"},"sameAs":["https:\/\/www.facebook.com\/globalcolors\/","https:\/\/www.instagram.com\/globalcolorsmasterbatches\/","https:\/\/www.linkedin.com\/company\/global-colors","https:\/\/www.youtube.com\/@globalcolorsmasterbatches"]}]}},"_links":{"self":[{"href":"https:\/\/www.globalcolors.com\/pl\/wp-json\/wp\/v2\/pages\/1310","targetHints":{"allow":["GET"]}}],"collection":[{"href":"https:\/\/www.globalcolors.com\/pl\/wp-json\/wp\/v2\/pages"}],"about":[{"href":"https:\/\/www.globalcolors.com\/pl\/wp-json\/wp\/v2\/types\/page"}],"author":[{"embeddable":true,"href":"https:\/\/www.globalcolors.com\/pl\/wp-json\/wp\/v2\/users\/1"}],"replies":[{"embeddable":true,"href":"https:\/\/www.globalcolors.com\/pl\/wp-json\/wp\/v2\/comments?post=1310"}],"version-history":[{"count":0,"href":"https:\/\/www.globalcolors.com\/pl\/wp-json\/wp\/v2\/pages\/1310\/revisions"}],"wp:attachment":[{"href":"https:\/\/www.globalcolors.com\/pl\/wp-json\/wp\/v2\/media?parent=1310"}],"curies":[{"name":"wp","href":"https:\/\/api.w.org\/{rel}","templated":true}]}}